{"id":5111,"date":"2025-07-30T15:47:45","date_gmt":"2025-07-30T20:47:45","guid":{"rendered":"https:\/\/conociendojaen.pe\/travel\/?page_id=5111"},"modified":"2025-07-30T16:42:46","modified_gmt":"2025-07-30T21:42:46","slug":"politica-prevencion-esnna","status":"publish","type":"page","link":"https:\/\/conociendojaen.pe\/travel\/politica-prevencion-esnna\/","title":{"rendered":"POLITICA PREVENCI\u00d3N ESNNA"},"content":{"rendered":"\t\t<div data-elementor-type=\"wp-page\" data-elementor-id=\"5111\" class=\"elementor elementor-5111\">\n\t\t\t\t\t\t<section class=\"elementor-section elementor-top-section elementor-element elementor-element-a63b4c9 elementor-section-boxed elementor-section-height-default elementor-section-height-default\" data-id=\"a63b4c9\" data-element_type=\"section\" data-settings=\"{&quot;background_background&quot;:&quot;classic&quot;}\">\n\t\t\t\t\t\t\t<div class=\"elementor-background-overlay\"><\/div>\n\t\t\t\t\t\t\t<div class=\"elementor-container elementor-column-gap-default\">\n\t\t\t\t\t<div class=\"elementor-column elementor-col-100 elementor-top-column elementor-element elementor-element-1fdbfde\" data-id=\"1fdbfde\" data-element_type=\"column\">\n\t\t\t<div class=\"elementor-widget-wrap elementor-element-populated\">\n\t\t\t\t\t\t<div class=\"elementor-element elementor-element-9f64a83 --secondaryFontFamily elementor-widget elementor-widget-heading\" data-id=\"9f64a83\" data-element_type=\"widget\" data-widget_type=\"heading.default\">\n\t\t\t\t<div class=\"elementor-widget-container\">\n\t\t\t\t\t<h2 class=\"elementor-heading-title elementor-size-default\">POLITICA PRENENCI\u00d3N ESSNA<\/h2>\t\t\t\t<\/div>\n\t\t\t\t<\/div>\n\t\t\t\t\t<\/div>\n\t\t<\/div>\n\t\t\t\t\t<\/div>\n\t\t<\/section>\n\t\t\t\t<section class=\"elementor-section elementor-top-section elementor-element elementor-element-4fada9c3 elementor-section-boxed elementor-section-height-default elementor-section-height-default\" data-id=\"4fada9c3\" data-element_type=\"section\">\n\t\t\t\t\t\t<div class=\"elementor-container elementor-column-gap-default\">\n\t\t\t\t\t<div class=\"elementor-column elementor-col-50 elementor-top-column elementor-element elementor-element-2bf14d3f\" data-id=\"2bf14d3f\" data-element_type=\"column\">\n\t\t\t<div class=\"elementor-widget-wrap elementor-element-populated\">\n\t\t\t\t\t\t<section class=\"elementor-section elementor-inner-section elementor-element elementor-element-fc4377b travel-monster-section-header left elementor-section-boxed elementor-section-height-default elementor-section-height-default\" data-id=\"fc4377b\" data-element_type=\"section\">\n\t\t\t\t\t\t<div class=\"elementor-container elementor-column-gap-default\">\n\t\t\t\t\t<div class=\"elementor-column elementor-col-100 elementor-inner-column elementor-element elementor-element-5c1787f8\" data-id=\"5c1787f8\" data-element_type=\"column\">\n\t\t\t<div class=\"elementor-widget-wrap elementor-element-populated\">\n\t\t\t\t\t\t<div class=\"elementor-element elementor-element-16caaba3 --secondaryFontFamily elementor-widget elementor-widget-heading\" data-id=\"16caaba3\" data-element_type=\"widget\" data-widget_type=\"heading.default\">\n\t\t\t\t<div class=\"elementor-widget-container\">\n\t\t\t\t\t<h2 class=\"elementor-heading-title elementor-size-default\">Medidas de Pol\u00edticas de prevencio\u00f3n  ESNNA en<\/h2>\t\t\t\t<\/div>\n\t\t\t\t<\/div>\n\t\t\t\t<div class=\"elementor-element elementor-element-13b34bb elementor-widget elementor-widget-heading\" data-id=\"13b34bb\" data-element_type=\"widget\" data-widget_type=\"heading.default\">\n\t\t\t\t<div class=\"elementor-widget-container\">\n\t\t\t\t\t<h2 class=\"elementor-heading-title elementor-size-default\">Conociendo Ja\u00e9n Travel<\/h2>\t\t\t\t<\/div>\n\t\t\t\t<\/div>\n\t\t\t\t\t<\/div>\n\t\t<\/div>\n\t\t\t\t\t<\/div>\n\t\t<\/section>\n\t\t\t\t<div class=\"elementor-element elementor-element-57c7fc0f elementor-widget elementor-widget-text-editor\" data-id=\"57c7fc0f\" data-element_type=\"widget\" data-widget_type=\"text-editor.default\">\n\t\t\t\t<div class=\"elementor-widget-container\">\n\t\t\t\t\t\t\t\t\t<p>En <strong>CONOCIENDO JA\u00c9N TRAVEL<\/strong>, estamos comprometidos con la protecci\u00f3n de los derechos de los ni\u00f1os y las poblaciones vulnerables. A trav\u00e9s de la firma del C\u00f3digo de Conducta contra la Explotaci\u00f3n Sexual de Ni\u00f1os, Ni\u00f1as y Adolescentes (ESNNA), implementamos medidas preventivas estrictas en nuestras operaciones.<\/p>\t\t\t\t\t\t\t\t<\/div>\n\t\t\t\t<\/div>\n\t\t\t\t<div class=\"elementor-element elementor-element-1dc8055b elementor-widget elementor-widget-text-editor\" data-id=\"1dc8055b\" data-element_type=\"widget\" data-widget_type=\"text-editor.default\">\n\t\t\t\t<div class=\"elementor-widget-container\">\n\t\t\t\t\t\t\t\t\t<p>Trabajamos en conjunto con organizaciones locales para garantizar la seguridad de los menores, promoviendo un turismo \u00e9tico y responsable. Cada uno de nuestros empleados y socios sigue estas normas para contribuir a la erradicaci\u00f3n de cualquier forma de explotaci\u00f3n. Viajar con <strong>CONOCIENDO JA\u00c9N TRAVEL<\/strong> es una garant\u00eda de que estar\u00e1s apoyando un turismo respetuoso y seguro.<\/p>\t\t\t\t\t\t\t\t<\/div>\n\t\t\t\t<\/div>\n\t\t\t\t\t<\/div>\n\t\t<\/div>\n\t\t\t\t<div class=\"elementor-column elementor-col-50 elementor-top-column elementor-element elementor-element-4ec6f145\" data-id=\"4ec6f145\" data-element_type=\"column\">\n\t\t\t<div class=\"elementor-widget-wrap elementor-element-populated\">\n\t\t\t\t\t\t<div class=\"elementor-element elementor-element-3b15c6f elementor-widget elementor-widget-image\" data-id=\"3b15c6f\" data-element_type=\"widget\" data-widget_type=\"image.default\">\n\t\t\t\t<div class=\"elementor-widget-container\">\n\t\t\t\t\t\t\t\t\t\t\t\t\t\t\t<img fetchpriority=\"high\" decoding=\"async\" width=\"728\" height=\"1024\" src=\"https:\/\/conociendojaen.pe\/travel\/wp-content\/uploads\/2025\/07\/ESNNA-728x1024.jpg\" class=\"attachment-large size-large wp-image-5119\" alt=\"POLITICA PREVENCI\u00d3N ESNNA\" srcset=\"https:\/\/conociendojaen.pe\/travel\/wp-content\/uploads\/2025\/07\/ESNNA-728x1024.jpg 728w, https:\/\/conociendojaen.pe\/travel\/wp-content\/uploads\/2025\/07\/ESNNA-213x300.jpg 213w, https:\/\/conociendojaen.pe\/travel\/wp-content\/uploads\/2025\/07\/ESNNA-197x278.jpg 197w, https:\/\/conociendojaen.pe\/travel\/wp-content\/uploads\/2025\/07\/ESNNA.jpg 768w\" sizes=\"(max-width: 728px) 100vw, 728px\" \/>\t\t\t\t\t\t\t\t\t\t\t\t\t\t\t<\/div>\n\t\t\t\t<\/div>\n\t\t\t\t\t<\/div>\n\t\t<\/div>\n\t\t\t\t\t<\/div>\n\t\t<\/section>\n\t\t<div class=\"elementor-element elementor-element-c25e823 e-flex e-con-boxed e-con e-parent\" data-id=\"c25e823\" data-element_type=\"container\">\n\t\t\t\t\t<div class=\"e-con-inner\">\n\t\t<div class=\"elementor-element elementor-element-8b2960e e-con-full e-flex e-con e-child\" data-id=\"8b2960e\" data-element_type=\"container\">\n\t\t\t\t<div class=\"elementor-element elementor-element-8cf2f6c --secondaryFontFamily elementor-widget elementor-widget-heading\" data-id=\"8cf2f6c\" data-element_type=\"widget\" data-widget_type=\"heading.default\">\n\t\t\t\t<div class=\"elementor-widget-container\">\n\t\t\t\t\t<h2 class=\"elementor-heading-title elementor-size-default\">C\u00d3DIGO DE CONDUCTA CONTRA LA ESNNA Y NUESTRO COMPROMISO<\/h2>\t\t\t\t<\/div>\n\t\t\t\t<\/div>\n\t\t\t\t<div class=\"elementor-element elementor-element-2998a55 elementor-widget elementor-widget-text-editor\" data-id=\"2998a55\" data-element_type=\"widget\" data-widget_type=\"text-editor.default\">\n\t\t\t\t<div class=\"elementor-widget-container\">\n\t\t\t\t\t\t\t\t\t<p>En <strong>CONOCIENDO JA\u00c9N TRAVEL<\/strong> nos comprometemos a promover y desarrollar una serie de acciones conjuntas con la finalidad de prevenir y erradicar la problem\u00e1tica de Explotaci\u00f3n Sexual de Ni\u00f1os, Ni\u00f1as y Adolescentes en el desarrollo de nuestros servicios y a trav\u00e9s de todos los integrantes nuestro equipo.<\/p>\t\t\t\t\t\t\t\t<\/div>\n\t\t\t\t<\/div>\n\t\t\t\t<\/div>\n\t\t<div class=\"elementor-element elementor-element-11baa8b e-con-full e-flex e-con e-child\" data-id=\"11baa8b\" data-element_type=\"container\">\n\t\t\t\t<div class=\"elementor-element elementor-element-d382814 --secondaryFontFamily elementor-widget elementor-widget-heading\" data-id=\"d382814\" data-element_type=\"widget\" data-widget_type=\"heading.default\">\n\t\t\t\t<div class=\"elementor-widget-container\">\n\t\t\t\t\t<h2 class=\"elementor-heading-title elementor-size-default\">ACCIONES DESARROLLADAS POR CONOCIENDO JA\u00c9N TRAVEL EN CONTRA DE LA ESNNA<\/h2>\t\t\t\t<\/div>\n\t\t\t\t<\/div>\n\t\t\t\t<div class=\"elementor-element elementor-element-e83e186 elementor-widget elementor-widget-text-editor\" data-id=\"e83e186\" data-element_type=\"widget\" data-widget_type=\"text-editor.default\">\n\t\t\t\t<div class=\"elementor-widget-container\">\n\t\t\t\t\t\t\t\t\t<p>A trav\u00e9s de la adhesi\u00f3n al C\u00f3digo de Conducta para erradicar la Explotaci\u00f3n Sexual de Ni\u00f1os, Ni\u00f1as y Adolescentes (ESNNA) nos comprometemos a poner en pr\u00e1ctica constante una serie de acciones, entre ellas:<\/p><p>Para el caso espec\u00edfico de las agencias de viajes, como es el caso de <strong>CONOCIENDO JA\u00c9N TRAVEL<\/strong>, adherirnos a este compromiso a la firma del C\u00f3digo de Conducta contra la ESNNA, ante la DICETUR y nos comprometemos a cumplir con los principios y deberes establecidos en este documento; as\u00ed como en cumplimiento a la Ley General del Turismo y su reglamento en materia de prevenci\u00f3n de la ESNNA.<\/p>\t\t\t\t\t\t\t\t<\/div>\n\t\t\t\t<\/div>\n\t\t\t\t<\/div>\n\t\t\t\t\t<\/div>\n\t\t\t\t<\/div>\n\t\t<div class=\"elementor-element elementor-element-bd2bfa0 e-flex e-con-boxed e-con e-parent\" data-id=\"bd2bfa0\" data-element_type=\"container\">\n\t\t\t\t\t<div class=\"e-con-inner\">\n\t\t\t\t<div class=\"elementor-element elementor-element-43595aa elementor-widget elementor-widget-heading\" data-id=\"43595aa\" data-element_type=\"widget\" data-widget_type=\"heading.default\">\n\t\t\t\t<div class=\"elementor-widget-container\">\n\t\t\t\t\t<h2 class=\"elementor-heading-title elementor-size-default\">La Realidad en Cifras<\/h2>\t\t\t\t<\/div>\n\t\t\t\t<\/div>\n\t\t\t\t\t<\/div>\n\t\t\t\t<\/div>\n\t\t<div class=\"elementor-element elementor-element-63c3f41 e-flex e-con-boxed e-con e-parent\" data-id=\"63c3f41\" data-element_type=\"container\">\n\t\t\t\t\t<div class=\"e-con-inner\">\n\t\t<div class=\"elementor-element elementor-element-83e4a69 e-con-full e-flex e-con e-child\" data-id=\"83e4a69\" data-element_type=\"container\">\n\t\t\t\t<div class=\"elementor-element elementor-element-dc1d2c7 --secondaryFontFamily elementor-widget elementor-widget-heading\" data-id=\"dc1d2c7\" data-element_type=\"widget\" data-widget_type=\"heading.default\">\n\t\t\t\t<div class=\"elementor-widget-container\">\n\t\t\t\t\t<h2 class=\"elementor-heading-title elementor-size-default\">EN PER\u00da:<\/h2>\t\t\t\t<\/div>\n\t\t\t\t<\/div>\n\t\t\t\t<div class=\"elementor-element elementor-element-371f719 elementor-widget elementor-widget-text-editor\" data-id=\"371f719\" data-element_type=\"widget\" data-widget_type=\"text-editor.default\">\n\t\t\t\t<div class=\"elementor-widget-container\">\n\t\t\t\t\t\t\t\t\t<ul><li>El 3,98% de la poblaci\u00f3n adulta peruana reconoce haber sido v\u00edctima de explotaci\u00f3n sexual antes de los 18 a\u00f1os (2015).<\/li><li>Entre 14,000 y 26,000 menores de 10 a 17 a\u00f1os est\u00e1n expuestos a posible explotaci\u00f3n sexual a nivel nacional.<\/li><li>Las cifras oficiales son limitadas debido a la naturaleza oculta de este crimen.<\/li><\/ul>\t\t\t\t\t\t\t\t<\/div>\n\t\t\t\t<\/div>\n\t\t\t\t<\/div>\n\t\t<div class=\"elementor-element elementor-element-4e2bf05 e-con-full e-flex e-con e-child\" data-id=\"4e2bf05\" data-element_type=\"container\">\n\t\t\t\t<div class=\"elementor-element elementor-element-ae703cb --secondaryFontFamily elementor-widget elementor-widget-heading\" data-id=\"ae703cb\" data-element_type=\"widget\" data-widget_type=\"heading.default\">\n\t\t\t\t<div class=\"elementor-widget-container\">\n\t\t\t\t\t<h2 class=\"elementor-heading-title elementor-size-default\">A Nivel Mundial:<\/h2>\t\t\t\t<\/div>\n\t\t\t\t<\/div>\n\t\t\t\t<div class=\"elementor-element elementor-element-fcb71a3 elementor-widget elementor-widget-text-editor\" data-id=\"fcb71a3\" data-element_type=\"widget\" data-widget_type=\"text-editor.default\">\n\t\t\t\t<div class=\"elementor-widget-container\">\n\t\t\t\t\t\t\t\t\t<ul><li>.M\u00e9xico: 20,000 v\u00edctimas estimadas en turismo sexual (ECPAT, 2016).<\/li><li>Filipinas: 100,000 menores v\u00edctimas de explotaci\u00f3n sexual (ECPAT, 2016).<\/li><li>El 64,8% de las v\u00edctimas de material de abuso sexual infantil son ni\u00f1as (ECPAT, 2018).<\/li><\/ul>\t\t\t\t\t\t\t\t<\/div>\n\t\t\t\t<\/div>\n\t\t\t\t<\/div>\n\t\t\t\t\t<\/div>\n\t\t\t\t<\/div>\n\t\t<div class=\"elementor-element elementor-element-225583d e-flex e-con-boxed e-con e-parent\" data-id=\"225583d\" data-element_type=\"container\">\n\t\t\t\t\t<div class=\"e-con-inner\">\n\t\t<div class=\"elementor-element elementor-element-eeec12a e-con-full e-flex e-con e-child\" data-id=\"eeec12a\" data-element_type=\"container\">\n\t\t\t\t<div class=\"elementor-element elementor-element-13b715b --secondaryFontFamily elementor-widget elementor-widget-heading\" data-id=\"13b715b\" data-element_type=\"widget\" data-widget_type=\"heading.default\">\n\t\t\t\t<div class=\"elementor-widget-container\">\n\t\t\t\t\t<h2 class=\"elementor-heading-title elementor-size-default\">\u00bfC\u00d3MO DENUNCIAR?<\/h2>\t\t\t\t<\/div>\n\t\t\t\t<\/div>\n\t\t\t\t<div class=\"elementor-element elementor-element-bbaafa8 elementor-widget elementor-widget-text-editor\" data-id=\"bbaafa8\" data-element_type=\"widget\" data-widget_type=\"text-editor.default\">\n\t\t\t\t<div class=\"elementor-widget-container\">\n\t\t\t\t\t\t\t\t\tSi tienes conocimiento de alguna situaci\u00f3n de explotaci\u00f3n sexual infantil, te instamos a denunciarlo a las autoridades competentes:\nL\u00ednea 100: Ministerio de la Mujer y Poblaciones Vulnerables (Centro Emergencia Mujer).\nL\u00ednea 1818: Ministerio del Interior.\nPolic\u00eda Nacional: Acude a la comisar\u00eda m\u00e1s cercana.\n\t\t\t\t\t\t\t\t<\/div>\n\t\t\t\t<\/div>\n\t\t\t\t<\/div>\n\t\t<div class=\"elementor-element elementor-element-3b59412 e-con-full e-flex e-con e-child\" data-id=\"3b59412\" data-element_type=\"container\">\n\t\t\t\t<div class=\"elementor-element elementor-element-612947f elementor-widget elementor-widget-image\" data-id=\"612947f\" data-element_type=\"widget\" data-widget_type=\"image.default\">\n\t\t\t\t<div class=\"elementor-widget-container\">\n\t\t\t\t\t\t\t\t\t\t\t\t\t\t\t<img decoding=\"async\" width=\"384\" height=\"518\" src=\"https:\/\/conociendojaen.pe\/travel\/wp-content\/uploads\/2025\/07\/ESNNAPERU.jpg\" class=\"attachment-large size-large wp-image-5153\" alt=\"ESNNA PERU\" srcset=\"https:\/\/conociendojaen.pe\/travel\/wp-content\/uploads\/2025\/07\/ESNNAPERU.jpg 384w, https:\/\/conociendojaen.pe\/travel\/wp-content\/uploads\/2025\/07\/ESNNAPERU-222x300.jpg 222w\" sizes=\"(max-width: 384px) 100vw, 384px\" \/>\t\t\t\t\t\t\t\t\t\t\t\t\t\t\t<\/div>\n\t\t\t\t<\/div>\n\t\t\t\t<\/div>\n\t\t\t\t\t<\/div>\n\t\t\t\t<\/div>\n\t\t\t\t<section class=\"elementor-section elementor-top-section elementor-element elementor-element-49c86a76 elementor-section-full_width elementor-section-height-default elementor-section-height-default\" data-id=\"49c86a76\" data-element_type=\"section\">\n\t\t\t\t\t\t<div class=\"elementor-container elementor-column-gap-default\">\n\t\t\t\t\t<div class=\"elementor-column elementor-col-100 elementor-top-column elementor-element elementor-element-61fadcb1\" data-id=\"61fadcb1\" data-element_type=\"column\">\n\t\t\t<div class=\"elementor-widget-wrap elementor-element-populated\">\n\t\t\t\t\t\t<div class=\"elementor-element elementor-element-50973569 elementor-widget__width-auto elementor-absolute elementor-hidden-tablet elementor-hidden-mobile elementor-widget elementor-widget-image\" data-id=\"50973569\" data-element_type=\"widget\" data-settings=\"{&quot;_position&quot;:&quot;absolute&quot;}\" data-widget_type=\"image.default\">\n\t\t\t\t<div class=\"elementor-widget-container\">\n\t\t\t\t\t\t\t\t\t\t\t\t\t\t\t<img decoding=\"async\" width=\"162\" height=\"195\" src=\"https:\/\/conociendojaen.pe\/travel\/wp-content\/uploads\/2022\/09\/decoration-1.png\" class=\"attachment-large size-large wp-image-3545\" alt=\"\" \/>\t\t\t\t\t\t\t\t\t\t\t\t\t\t\t<\/div>\n\t\t\t\t<\/div>\n\t\t\t\t\t<\/div>\n\t\t<\/div>\n\t\t\t\t\t<\/div>\n\t\t<\/section>\n\t\t\t\t<\/div>\n\t\t","protected":false},"excerpt":{"rendered":"<p>About Travel Nomad Wholesome Travel Experiences A new journey begin here within, find a destination that suits you and start travelling. We offer best travel packages. As the travel market grows further in India so does issues of security and safety of foreigners travelling to India every year. Though government is doing its bit, there [&hellip;]<\/p>\n","protected":false},"author":1,"featured_media":0,"parent":0,"menu_order":0,"comment_status":"closed","ping_status":"closed","template":"elementor_header_footer","meta":{"footnotes":""},"class_list":["post-5111","page","type-page","status-publish","hentry","travel-monster-post","no-post-thumbnail","latest_post"],"_links":{"self":[{"href":"https:\/\/conociendojaen.pe\/travel\/wp-json\/wp\/v2\/pages\/5111","targetHints":{"allow":["GET"]}}],"collection":[{"href":"https:\/\/conociendojaen.pe\/travel\/wp-json\/wp\/v2\/pages"}],"about":[{"href":"https:\/\/conociendojaen.pe\/travel\/wp-json\/wp\/v2\/types\/page"}],"author":[{"embeddable":true,"href":"https:\/\/conociendojaen.pe\/travel\/wp-json\/wp\/v2\/users\/1"}],"replies":[{"embeddable":true,"href":"https:\/\/conociendojaen.pe\/travel\/wp-json\/wp\/v2\/comments?post=5111"}],"version-history":[{"count":43,"href":"https:\/\/conociendojaen.pe\/travel\/wp-json\/wp\/v2\/pages\/5111\/revisions"}],"predecessor-version":[{"id":5160,"href":"https:\/\/conociendojaen.pe\/travel\/wp-json\/wp\/v2\/pages\/5111\/revisions\/5160"}],"wp:attachment":[{"href":"https:\/\/conociendojaen.pe\/travel\/wp-json\/wp\/v2\/media?parent=5111"}],"curies":[{"name":"wp","href":"https:\/\/api.w.org\/{rel}","templated":true}]}}