{"id":4527,"date":"2023-11-15T18:42:22","date_gmt":"2023-11-15T23:42:22","guid":{"rendered":"http:\/\/localhost\/travel\/?page_id=4527"},"modified":"2023-11-16T15:23:48","modified_gmt":"2023-11-16T20:23:48","slug":"actividades","status":"publish","type":"page","link":"https:\/\/conociendojaen.pe\/travel\/actividades\/","title":{"rendered":"ACTIVIDADES"},"content":{"rendered":"\t\t<div data-elementor-type=\"wp-page\" data-elementor-id=\"4527\" class=\"elementor elementor-4527\">\n\t\t\t\t<div class=\"elementor-element elementor-element-59c5152 e-flex e-con-boxed e-con e-parent\" data-id=\"59c5152\" data-element_type=\"container\">\n\t\t\t\t\t<div class=\"e-con-inner\">\n\t\t\t\t<div class=\"elementor-element elementor-element-34af96c elementor-widget elementor-widget-wptravelengine-activities\" data-id=\"34af96c\" data-element_type=\"widget\" data-widget_type=\"wptravelengine-activities.default\">\n\t\t\t\t<div class=\"elementor-widget-container\">\n\t\t\t\t\t<div class=\"wp-block-wptravelengine wpte-gblock-wrapper wpte-elementor-widget\">\n\t<div class=\"category-grid wte-d-flex wte-layout-grid wpte-trip-list-wrapper default  wte-col-3 \t\">\n\t<div class=\"wpte-trip-category\">\n\t<div class=\"wpte-inner-container\">\n\t\t<div class=\"wpte-trip-category-img-wrap\">\n\t\t\t<figure class=\"thumbnail\">\n\t\t\t\t\t\t\t\t<a href=\"https:\/\/conociendojaen.pe\/travel\/activities\/city-tour\/\">\n\t\t\t\t\t<img decoding=\"async\" src=\"https:\/\/conociendojaen.pe\/travel\/wp-content\/uploads\/2023\/11\/city_tour.jpg\" alt=\"City Tour Ja\u00e9n\" \/>\n\t\t\t\t<\/a>\n\t\t\t\t\t\t\t<\/figure>\n\t\t\t\t\t\t<div class=\"wpte-trip-category-overlay\">\n\t\t\t\t\t\t\t\t\t\t\t\t\t<div class=\"wpte-trip-category-btn\">\n\t\t\t\t\t\t<a href=\"https:\/\/conociendojaen.pe\/travel\/activities\/city-tour\/\" class=\"wpte-trip-cat-btn\">M\u00e1s Detalles<\/a>\n\t\t\t\t\t<\/div>\n\t\t\t\t\t\t\t<\/div>\n\t\t\t\t\t<\/div>\n\t\t\t\t\t<div class=\"wpte-trip-category-text-wrap\">\n\t\t\t\t<h2 class=\"wpte-trip-category-title\"><a href=\"https:\/\/conociendojaen.pe\/travel\/activities\/city-tour\/\">CITY TOUR<\/a>\n\t\t\t\t\t\t\t\t\t\t\t<span class=\"trip-count\">(1 Trip)<\/span>\n\t\t\t\t\t\t\t\t\t\t<span class=\"wpte-icon\">\n\t\t\t\t\t\t\t\t\t\t\t\t\t\t<svg width=\"16\" height=\"18\" viewBox=\"0 0 16 18\" fill=\"none\" xmlns=\"http:\/\/www.w3.org\/2000\/svg\"><path d=\"M15.8933 8.49342C15.8299 8.32975 15.7347 8.18022 15.6133 8.05342L8.94667 1.38675C8.82235 1.26243 8.67476 1.16382 8.51233 1.09654C8.3499 1.02926 8.17581 0.994629 8 0.994629C7.64493 0.994629 7.30441 1.13568 7.05333 1.38675C6.92902 1.51107 6.8304 1.65866 6.76312 1.82109C6.69584 1.98352 6.66121 2.15761 6.66121 2.33342C6.66121 2.68849 6.80226 3.02901 7.05333 3.28008L11.4533 7.66675H1.33333C0.979711 7.66675 0.640573 7.80723 0.390525 8.05728C0.140476 8.30733 0 8.64646 0 9.00009C0 9.35371 0.140476 9.69285 0.390525 9.94289C0.640573 10.1929 0.979711 10.3334 1.33333 10.3334H11.4533L7.05333 14.7201C6.92836 14.844 6.82917 14.9915 6.76148 15.154C6.69379 15.3165 6.65894 15.4907 6.65894 15.6668C6.65894 15.8428 6.69379 16.017 6.76148 16.1795C6.82917 16.342 6.92836 16.4895 7.05333 16.6134C7.17728 16.7384 7.32475 16.8376 7.48723 16.9053C7.64971 16.973 7.82398 17.0078 8 17.0078C8.17602 17.0078 8.35029 16.973 8.51277 16.9053C8.67525 16.8376 8.82272 16.7384 8.94667 16.6134L15.6133 9.94675C15.7347 9.81995 15.8299 9.67042 15.8933 9.50675C16.0267 9.18214 16.0267 8.81803 15.8933 8.49342Z\" fill=\"#2183DF\" \/><\/svg>\n\t\t\t\t\t\t\t\t\t\t\t\t\t\t<\/span>\n\t\t\t\t<\/h2>\n\t\t\t<\/div>\n\t\t\t<\/div>\n<\/div>\n<div class=\"wpte-trip-category\">\n\t<div class=\"wpte-inner-container\">\n\t\t<div class=\"wpte-trip-category-img-wrap\">\n\t\t\t<figure class=\"thumbnail\">\n\t\t\t\t\t\t\t\t<a href=\"https:\/\/conociendojaen.pe\/travel\/activities\/deportes-extremos\/\">\n\t\t\t\t\t<img decoding=\"async\" src=\"https:\/\/conociendojaen.pe\/travel\/wp-content\/uploads\/2023\/11\/deportes_extremos.jpg\" alt=\"DEPORTES EXTREMOS\" \/>\n\t\t\t\t<\/a>\n\t\t\t\t\t\t\t<\/figure>\n\t\t\t\t\t\t<div class=\"wpte-trip-category-overlay\">\n\t\t\t\t\t\t\t\t\t\t\t\t\t<div class=\"wpte-trip-category-btn\">\n\t\t\t\t\t\t<a href=\"https:\/\/conociendojaen.pe\/travel\/activities\/deportes-extremos\/\" class=\"wpte-trip-cat-btn\">M\u00e1s Detalles<\/a>\n\t\t\t\t\t<\/div>\n\t\t\t\t\t\t\t<\/div>\n\t\t\t\t\t<\/div>\n\t\t\t\t\t<div class=\"wpte-trip-category-text-wrap\">\n\t\t\t\t<h2 class=\"wpte-trip-category-title\"><a href=\"https:\/\/conociendojaen.pe\/travel\/activities\/deportes-extremos\/\">DEPORTES EXTREMOS<\/a>\n\t\t\t\t\t\t\t\t\t\t\t<span class=\"trip-count\">(6 Tour)<\/span>\n\t\t\t\t\t\t\t\t\t\t<span class=\"wpte-icon\">\n\t\t\t\t\t\t\t\t\t\t\t\t\t\t<svg width=\"16\" height=\"18\" viewBox=\"0 0 16 18\" fill=\"none\" xmlns=\"http:\/\/www.w3.org\/2000\/svg\"><path d=\"M15.8933 8.49342C15.8299 8.32975 15.7347 8.18022 15.6133 8.05342L8.94667 1.38675C8.82235 1.26243 8.67476 1.16382 8.51233 1.09654C8.3499 1.02926 8.17581 0.994629 8 0.994629C7.64493 0.994629 7.30441 1.13568 7.05333 1.38675C6.92902 1.51107 6.8304 1.65866 6.76312 1.82109C6.69584 1.98352 6.66121 2.15761 6.66121 2.33342C6.66121 2.68849 6.80226 3.02901 7.05333 3.28008L11.4533 7.66675H1.33333C0.979711 7.66675 0.640573 7.80723 0.390525 8.05728C0.140476 8.30733 0 8.64646 0 9.00009C0 9.35371 0.140476 9.69285 0.390525 9.94289C0.640573 10.1929 0.979711 10.3334 1.33333 10.3334H11.4533L7.05333 14.7201C6.92836 14.844 6.82917 14.9915 6.76148 15.154C6.69379 15.3165 6.65894 15.4907 6.65894 15.6668C6.65894 15.8428 6.69379 16.017 6.76148 16.1795C6.82917 16.342 6.92836 16.4895 7.05333 16.6134C7.17728 16.7384 7.32475 16.8376 7.48723 16.9053C7.64971 16.973 7.82398 17.0078 8 17.0078C8.17602 17.0078 8.35029 16.973 8.51277 16.9053C8.67525 16.8376 8.82272 16.7384 8.94667 16.6134L15.6133 9.94675C15.7347 9.81995 15.8299 9.67042 15.8933 9.50675C16.0267 9.18214 16.0267 8.81803 15.8933 8.49342Z\" fill=\"#2183DF\" \/><\/svg>\n\t\t\t\t\t\t\t\t\t\t\t\t\t\t<\/span>\n\t\t\t\t<\/h2>\n\t\t\t<\/div>\n\t\t\t<\/div>\n<\/div>\n<div class=\"wpte-trip-category\">\n\t<div class=\"wpte-inner-container\">\n\t\t<div class=\"wpte-trip-category-img-wrap\">\n\t\t\t<figure class=\"thumbnail\">\n\t\t\t\t\t\t\t\t<a href=\"https:\/\/conociendojaen.pe\/travel\/activities\/paseo-en-barco\/\">\n\t\t\t\t\t<img decoding=\"async\" src=\"https:\/\/conociendojaen.pe\/travel\/wp-content\/uploads\/2022\/11\/Boating.jpeg\" alt=\"Paseo en Barco\" \/>\n\t\t\t\t<\/a>\n\t\t\t\t\t\t\t<\/figure>\n\t\t\t\t\t\t<div class=\"wpte-trip-category-overlay\">\n\t\t\t\t\t\t\t\t\t\t\t\t\t<div class=\"wpte-trip-category-btn\">\n\t\t\t\t\t\t<a href=\"https:\/\/conociendojaen.pe\/travel\/activities\/paseo-en-barco\/\" class=\"wpte-trip-cat-btn\">M\u00e1s Detalles<\/a>\n\t\t\t\t\t<\/div>\n\t\t\t\t\t\t\t<\/div>\n\t\t\t\t\t<\/div>\n\t\t\t\t\t<div class=\"wpte-trip-category-text-wrap\">\n\t\t\t\t<h2 class=\"wpte-trip-category-title\"><a href=\"https:\/\/conociendojaen.pe\/travel\/activities\/paseo-en-barco\/\">PASEO EN BARCO<\/a>\n\t\t\t\t\t\t\t\t\t\t\t<span class=\"trip-count\">(2 Tour)<\/span>\n\t\t\t\t\t\t\t\t\t\t<span class=\"wpte-icon\">\n\t\t\t\t\t\t\t\t\t\t\t\t\t\t<svg width=\"16\" height=\"18\" viewBox=\"0 0 16 18\" fill=\"none\" xmlns=\"http:\/\/www.w3.org\/2000\/svg\"><path d=\"M15.8933 8.49342C15.8299 8.32975 15.7347 8.18022 15.6133 8.05342L8.94667 1.38675C8.82235 1.26243 8.67476 1.16382 8.51233 1.09654C8.3499 1.02926 8.17581 0.994629 8 0.994629C7.64493 0.994629 7.30441 1.13568 7.05333 1.38675C6.92902 1.51107 6.8304 1.65866 6.76312 1.82109C6.69584 1.98352 6.66121 2.15761 6.66121 2.33342C6.66121 2.68849 6.80226 3.02901 7.05333 3.28008L11.4533 7.66675H1.33333C0.979711 7.66675 0.640573 7.80723 0.390525 8.05728C0.140476 8.30733 0 8.64646 0 9.00009C0 9.35371 0.140476 9.69285 0.390525 9.94289C0.640573 10.1929 0.979711 10.3334 1.33333 10.3334H11.4533L7.05333 14.7201C6.92836 14.844 6.82917 14.9915 6.76148 15.154C6.69379 15.3165 6.65894 15.4907 6.65894 15.6668C6.65894 15.8428 6.69379 16.017 6.76148 16.1795C6.82917 16.342 6.92836 16.4895 7.05333 16.6134C7.17728 16.7384 7.32475 16.8376 7.48723 16.9053C7.64971 16.973 7.82398 17.0078 8 17.0078C8.17602 17.0078 8.35029 16.973 8.51277 16.9053C8.67525 16.8376 8.82272 16.7384 8.94667 16.6134L15.6133 9.94675C15.7347 9.81995 15.8299 9.67042 15.8933 9.50675C16.0267 9.18214 16.0267 8.81803 15.8933 8.49342Z\" fill=\"#2183DF\" \/><\/svg>\n\t\t\t\t\t\t\t\t\t\t\t\t\t\t<\/span>\n\t\t\t\t<\/h2>\n\t\t\t<\/div>\n\t\t\t<\/div>\n<\/div>\n<div class=\"wpte-trip-category\">\n\t<div class=\"wpte-inner-container\">\n\t\t<div class=\"wpte-trip-category-img-wrap\">\n\t\t\t<figure class=\"thumbnail\">\n\t\t\t\t\t\t\t\t<a href=\"https:\/\/conociendojaen.pe\/travel\/activities\/trekking\/\">\n\t\t\t\t\t<img decoding=\"async\" src=\"https:\/\/conociendojaen.pe\/travel\/wp-content\/uploads\/2022\/11\/Trekking-2.jpeg\" alt=\"Trekking 2\" \/>\n\t\t\t\t<\/a>\n\t\t\t\t\t\t\t<\/figure>\n\t\t\t\t\t\t<div class=\"wpte-trip-category-overlay\">\n\t\t\t\t\t\t\t\t\t\t\t\t\t<div class=\"wpte-trip-category-btn\">\n\t\t\t\t\t\t<a href=\"https:\/\/conociendojaen.pe\/travel\/activities\/trekking\/\" class=\"wpte-trip-cat-btn\">M\u00e1s Detalles<\/a>\n\t\t\t\t\t<\/div>\n\t\t\t\t\t\t\t<\/div>\n\t\t\t\t\t<\/div>\n\t\t\t\t\t<div class=\"wpte-trip-category-text-wrap\">\n\t\t\t\t<h2 class=\"wpte-trip-category-title\"><a href=\"https:\/\/conociendojaen.pe\/travel\/activities\/trekking\/\">TREKKING<\/a>\n\t\t\t\t\t\t\t\t\t\t\t<span class=\"trip-count\">(7 Tour)<\/span>\n\t\t\t\t\t\t\t\t\t\t<span class=\"wpte-icon\">\n\t\t\t\t\t\t\t\t\t\t\t\t\t\t<svg width=\"16\" height=\"18\" viewBox=\"0 0 16 18\" fill=\"none\" xmlns=\"http:\/\/www.w3.org\/2000\/svg\"><path d=\"M15.8933 8.49342C15.8299 8.32975 15.7347 8.18022 15.6133 8.05342L8.94667 1.38675C8.82235 1.26243 8.67476 1.16382 8.51233 1.09654C8.3499 1.02926 8.17581 0.994629 8 0.994629C7.64493 0.994629 7.30441 1.13568 7.05333 1.38675C6.92902 1.51107 6.8304 1.65866 6.76312 1.82109C6.69584 1.98352 6.66121 2.15761 6.66121 2.33342C6.66121 2.68849 6.80226 3.02901 7.05333 3.28008L11.4533 7.66675H1.33333C0.979711 7.66675 0.640573 7.80723 0.390525 8.05728C0.140476 8.30733 0 8.64646 0 9.00009C0 9.35371 0.140476 9.69285 0.390525 9.94289C0.640573 10.1929 0.979711 10.3334 1.33333 10.3334H11.4533L7.05333 14.7201C6.92836 14.844 6.82917 14.9915 6.76148 15.154C6.69379 15.3165 6.65894 15.4907 6.65894 15.6668C6.65894 15.8428 6.69379 16.017 6.76148 16.1795C6.82917 16.342 6.92836 16.4895 7.05333 16.6134C7.17728 16.7384 7.32475 16.8376 7.48723 16.9053C7.64971 16.973 7.82398 17.0078 8 17.0078C8.17602 17.0078 8.35029 16.973 8.51277 16.9053C8.67525 16.8376 8.82272 16.7384 8.94667 16.6134L15.6133 9.94675C15.7347 9.81995 15.8299 9.67042 15.8933 9.50675C16.0267 9.18214 16.0267 8.81803 15.8933 8.49342Z\" fill=\"#2183DF\" \/><\/svg>\n\t\t\t\t\t\t\t\t\t\t\t\t\t\t<\/span>\n\t\t\t\t<\/h2>\n\t\t\t<\/div>\n\t\t\t<\/div>\n<\/div>\n\t<\/div>\n\t<\/div>\n\t\t\t\t\t<\/div>\n\t\t\t\t<\/div>\n\t\t\t\t\t<\/div>\n\t\t\t\t<\/div>\n\t\t\t\t<\/div>\n\t\t","protected":false},"excerpt":{"rendered":"<p>M\u00e1s Detalles CITY TOUR (9 Tour) M\u00e1s Detalles PASEO EN BARCO (3 Tour) M\u00e1s Detalles RAFTING (3 Tour) M\u00e1s Detalles TREKKING (7 Tour)<\/p>\n","protected":false},"author":1,"featured_media":0,"parent":0,"menu_order":0,"comment_status":"closed","ping_status":"closed","template":"elementor_header_footer","meta":{"footnotes":""},"class_list":["post-4527","page","type-page","status-publish","hentry","travel-monster-post","no-post-thumbnail","latest_post"],"_links":{"self":[{"href":"https:\/\/conociendojaen.pe\/travel\/wp-json\/wp\/v2\/pages\/4527","targetHints":{"allow":["GET"]}}],"collection":[{"href":"https:\/\/conociendojaen.pe\/travel\/wp-json\/wp\/v2\/pages"}],"about":[{"href":"https:\/\/conociendojaen.pe\/travel\/wp-json\/wp\/v2\/types\/page"}],"author":[{"embeddable":true,"href":"https:\/\/conociendojaen.pe\/travel\/wp-json\/wp\/v2\/users\/1"}],"replies":[{"embeddable":true,"href":"https:\/\/conociendojaen.pe\/travel\/wp-json\/wp\/v2\/comments?post=4527"}],"version-history":[{"count":16,"href":"https:\/\/conociendojaen.pe\/travel\/wp-json\/wp\/v2\/pages\/4527\/revisions"}],"predecessor-version":[{"id":4583,"href":"https:\/\/conociendojaen.pe\/travel\/wp-json\/wp\/v2\/pages\/4527\/revisions\/4583"}],"wp:attachment":[{"href":"https:\/\/conociendojaen.pe\/travel\/wp-json\/wp\/v2\/media?parent=4527"}],"curies":[{"name":"wp","href":"https:\/\/api.w.org\/{rel}","templated":true}]}}